{"id":30,"date":"2026-01-24T11:23:00","date_gmt":"2026-01-24T11:23:00","guid":{"rendered":"https:\/\/cristinagarabatolouzan.com\/?page_id=30"},"modified":"2026-02-23T03:27:14","modified_gmt":"2026-02-23T03:27:14","slug":"ueber-mich","status":"publish","type":"page","link":"https:\/\/cristinagarabatolouzan.com\/index.php\/ueber-mich\/","title":{"rendered":"\u00dcber mich"},"content":{"rendered":"\n<p class=\"has-text-align-left has-accent-color has-text-color has-link-color has-small-font-size wp-elements-895e471968ad7def949e2461305b9592\"><\/p>\n\n\n\n<blockquote class=\"wp-block-quote is-style-default is-layout-flow wp-block-quote-is-layout-flow\">\n<p class=\"has-text-align-left\" style=\"font-size:37px;font-style:normal;font-weight:100\"><strong>Ich, Cristina Garabato Louz\u00e1n, bin &#8230;<\/strong><\/p>\n\n\n\n<p class=\"has-text-align-left\" style=\"font-size:17px;font-style:normal;font-weight:100\"><strong>Kind von MamaErde \u2013 Teil vom Grossen und Ganzen \u2013 Teil des Universums.<\/strong><\/p>\n\n\n\n<p class=\"has-text-align-left\" style=\"font-size:17px;font-style:normal;font-weight:100\"><strong>Licht und Liebe<\/strong>.<\/p>\n\n\n\n<p class=\"has-text-align-left\" style=\"font-size:17px;font-style:normal;font-weight:100\"><strong>ein Leuchtturm<\/strong>.<\/p>\n\n\n\n<p class=\"has-text-align-left\" style=\"font-size:17px;font-style:normal;font-weight:100\">abenteuerlustig, ansteckend, begeisterungsf\u00e4hig, gef\u00fchlsstark, geerdet, inspirierend, intuitiv, sensibel, sensitiv, eine Erdenbummlerin, Umsetzerin, Wanderin, Wasserratte sowie Weltverbesserin.<\/p>\n\n\n\n<p class=\"has-text-align-left\" style=\"font-size:17px;font-style:normal;font-weight:100\">Mein Herz schl\u00e4gt f\u00fcr Akzeptanz, Aufrichtigkeit, Authentizit\u00e4t, Dankbarkeit, Ehrlichkeit, Essen, Flexibilit\u00e4t, Freiheit, Freude, Geduld, Gef\u00fchle, Gerechtigkeit, Gl\u00fcck, Handwerk, Harmonie, Humor, Kinder, Kochen, Kraft, Kreativit\u00e4t, Kulturen, Lebendigkeit, Leichtigkeit, Licht und Liebe, Natur, Neues, Neugierde, &#8222;Meer geht immer&#8220;, Motivation, Mut, Ordnung, Passion, Reisen, innere Ruhe, Selbst\u00e4ndigkeit, Sonne, Spontanit\u00e4t, Spiritualit\u00e4t, Unabh\u00e4ngigkeit, Wahrheit, Wandern, W\u00e4rme, Wasser, geistige Weiterentwicklung, Vertrauen und Zusammensein.<\/p>\n\n\n\n<p class=\"has-text-align-left\" style=\"font-size:17px;font-style:normal;font-weight:100\">Ich stehe ein f\u00fcr Menschheitsfamilie und Weltgemeinschaft und habe Mitgef\u00fchl f\u00fcr das Ganze.<\/p>\n\n\n\n<p><strong>In dieser Inkarnation besteht meine Lebensaufgabe darin, das Bewusstsein von euch Menschenseelen sanft anzuregen. Dar\u00fcber finde ich mein eigenes individuelles Bewusstsein.<\/strong><\/p>\n<\/blockquote>\n","protected":false},"excerpt":{"rendered":"<p>Ich, Cristina Garabato Louz\u00e1n, bin &#8230; Kind von MamaErde \u2013 Teil vom Grossen und Ganzen \u2013 Teil des Universums. Licht und Liebe. ein Leuchtturm. abenteuerlustig, ansteckend, begeisterungsf\u00e4hig, gef\u00fchlsstark, geerdet, inspirierend, intuitiv, sensibel, sensitiv, eine Erdenbummlerin, Umsetzerin, Wanderin, Wasserratte sowie Weltverbesserin. Mein Herz schl\u00e4gt f\u00fcr Akzeptanz, Aufrichtigkeit, Authentizit\u00e4t, Dankbarkeit, Ehrlichkeit, Essen, Flexibilit\u00e4t, Freiheit, Freude, Geduld, Gef\u00fchle, &hellip; <\/p>\n<p class=\"link-more\"><a href=\"https:\/\/cristinagarabatolouzan.com\/index.php\/ueber-mich\/\" class=\"more-link\"><span class=\"screen-reader-text\">\u201e\u00dcber mich\u201c <\/span>weiterlesen<\/a><\/p>\n","protected":false},"author":1,"featured_media":95,"parent":0,"menu_order":0,"comment_status":"closed","ping_status":"closed","template":"","meta":{"footnotes":""},"class_list":["post-30","page","type-page","status-publish","has-post-thumbnail","hentry"],"_links":{"self":[{"href":"https:\/\/cristinagarabatolouzan.com\/index.php\/wp-json\/wp\/v2\/pages\/30","targetHints":{"allow":["GET"]}}],"collection":[{"href":"https:\/\/cristinagarabatolouzan.com\/index.php\/wp-json\/wp\/v2\/pages"}],"about":[{"href":"https:\/\/cristinagarabatolouzan.com\/index.php\/wp-json\/wp\/v2\/types\/page"}],"author":[{"embeddable":true,"href":"https:\/\/cristinagarabatolouzan.com\/index.php\/wp-json\/wp\/v2\/users\/1"}],"replies":[{"embeddable":true,"href":"https:\/\/cristinagarabatolouzan.com\/index.php\/wp-json\/wp\/v2\/comments?post=30"}],"version-history":[{"count":17,"href":"https:\/\/cristinagarabatolouzan.com\/index.php\/wp-json\/wp\/v2\/pages\/30\/revisions"}],"predecessor-version":[{"id":259,"href":"https:\/\/cristinagarabatolouzan.com\/index.php\/wp-json\/wp\/v2\/pages\/30\/revisions\/259"}],"wp:featuredmedia":[{"embeddable":true,"href":"https:\/\/cristinagarabatolouzan.com\/index.php\/wp-json\/wp\/v2\/media\/95"}],"wp:attachment":[{"href":"https:\/\/cristinagarabatolouzan.com\/index.php\/wp-json\/wp\/v2\/media?parent=30"}],"curies":[{"name":"wp","href":"https:\/\/api.w.org\/{rel}","templated":true}]}}